{"id":17,"date":"2026-04-28T07:13:59","date_gmt":"2026-04-28T07:13:59","guid":{"rendered":"https:\/\/www.milenyumstudios.com\/?post_type=product&p=102"},"modified":"2026-04-28T07:13:59","modified_gmt":"2026-04-28T07:13:59","slug":"kisiye-ozel-isimli-magnet-seti","status":"publish","type":"product","link":"https:\/\/www.milenyumstudios.com\/tr\/urunler\/kisiye-ozel-isimli-magnet-seti\/","title":{"rendered":"Ki\u015fiye \u00d6zel \u0130simli Magnet Seti"},"content":{"rendered":"<h3>Ki\u015fiye \u00d6zel \u0130simli Buzdolab\u0131 Magneti Seti<\/h3>\n<p>\u0130sim, tarih veya k\u0131sa mesaj ekleyebilece\u011finiz, 6 par\u00e7al\u0131 ki\u015fiselle\u015ftirilmi\u015f magnet seti. 3D bask\u0131 + polyester re\u00e7ine kombinasyonu ile p\u0131r\u0131lt\u0131l\u0131 fini\u015f.<\/p>\n<h4>\u00d6zellikler:<\/h4>\n<ul>\n<li>6 par\u00e7a magnet seti<\/li>\n<li>Boyut: 5 x 5 cm her biri<\/li>\n<li>G\u00fc\u00e7l\u00fc neodimyum m\u0131knat\u0131s<\/li>\n<li>Sipari\u015f notuna isminizi\/mesaj\u0131n\u0131z\u0131 yaz\u0131n<\/li>\n<li>Ah\u015fap hediye kutusunda g\u00f6nderilir<\/li>\n<\/ul>\n","protected":false},"excerpt":{"rendered":"<p>\u0130sim ve mesaj eklenebilir 6 par\u00e7al\u0131 buzdolab\u0131 magnet seti. Hediye kutusunda g\u00f6nderilir.<\/p>\n","protected":false},"featured_media":0,"comment_status":"closed","ping_status":"closed","template":"","meta":{"_acf_changed":false},"product_brand":[],"product_cat":[16,18],"product_tag":[],"class_list":{"0":"post-17","1":"product","2":"type-product","3":"status-publish","5":"product_cat-anahtarlik-aksesuar","6":"product_cat-kisiye-ozel-hediyelik","7":"pa_boyut-kucuk","8":"pa_boyut-mini","9":"pa_malzeme-pla-plastik","10":"pa_malzeme-silikon","11":"pa_renk-beyaz","12":"pa_renk-mavi","13":"pa_renk-mercan","14":"pa_renk-pembe","15":"pa_renk-sari","16":"pa_renk-turuncu","17":"pa_stil-kisiye-ozel","18":"pa_stil-modern","20":"first","21":"instock","22":"taxable","23":"shipping-taxable","24":"purchasable","25":"product-type-simple"},"acf":[],"yoast_head":"<!-- This site is optimized with the Yoast SEO Premium plugin v27.3 (Yoast SEO v27.3) - https:\/\/yoast.com\/product\/yoast-seo-premium-wordpress\/ -->\n<title>Ki\u015fiye \u00d6zel \u0130simli Magnet Seti - MilenyumStudios<\/title>\n<meta name=\"robots\" content=\"index, follow, max-snippet:-1, max-image-preview:large, max-video-preview:-1\" \/>\n<link rel=\"canonical\" href=\"https:\/\/www.milenyumstudios.com\/tr\/urunler\/kisiye-ozel-isimli-magnet-seti\/\" \/>\n<meta property=\"og:locale\" content=\"tr_TR\" \/>\n<meta property=\"og:type\" content=\"article\" \/>\n<meta property=\"og:title\" content=\"Ki\u015fiye \u00d6zel \u0130simli Magnet Seti\" \/>\n<meta property=\"og:description\" content=\"\u0130sim ve mesaj eklenebilir 6 par\u00e7al\u0131 buzdolab\u0131 magnet seti. Hediye kutusunda g\u00f6nderilir.\" \/>\n<meta property=\"og:url\" content=\"https:\/\/www.milenyumstudios.com\/tr\/urunler\/kisiye-ozel-isimli-magnet-seti\/\" \/>\n<meta property=\"og:site_name\" content=\"MilenyumStudios\" \/>\n<meta name=\"twitter:card\" content=\"summary_large_image\" \/>\n<script type=\"application\/ld+json\" class=\"yoast-schema-graph\">{\"@context\":\"https:\\\/\\\/schema.org\",\"@graph\":[{\"@type\":\"WebPage\",\"@id\":\"https:\\\/\\\/www.milenyumstudios.com\\\/tr\\\/urunler\\\/kisiye-ozel-isimli-magnet-seti\\\/\",\"url\":\"https:\\\/\\\/www.milenyumstudios.com\\\/tr\\\/urunler\\\/kisiye-ozel-isimli-magnet-seti\\\/\",\"name\":\"Ki\u015fiye \u00d6zel \u0130simli Magnet Seti - MilenyumStudios\",\"isPartOf\":{\"@id\":\"https:\\\/\\\/www.milenyumstudios.com\\\/#website\"},\"datePublished\":\"2026-04-28T07:13:59+00:00\",\"breadcrumb\":{\"@id\":\"https:\\\/\\\/www.milenyumstudios.com\\\/tr\\\/urunler\\\/kisiye-ozel-isimli-magnet-seti\\\/#breadcrumb\"},\"inLanguage\":\"tr\",\"potentialAction\":[{\"@type\":\"ReadAction\",\"target\":[\"https:\\\/\\\/www.milenyumstudios.com\\\/tr\\\/urunler\\\/kisiye-ozel-isimli-magnet-seti\\\/\"]}]},{\"@type\":\"BreadcrumbList\",\"@id\":\"https:\\\/\\\/www.milenyumstudios.com\\\/tr\\\/urunler\\\/kisiye-ozel-isimli-magnet-seti\\\/#breadcrumb\",\"itemListElement\":[{\"@type\":\"ListItem\",\"position\":1,\"name\":\"Anasayfa\",\"item\":\"https:\\\/\\\/www.milenyumstudios.com\\\/\"},{\"@type\":\"ListItem\",\"position\":2,\"name\":\"T\u00fcm \u00dcr\u00fcnler\",\"item\":\"https:\\\/\\\/www.milenyumstudios.com\\\/tum-urunler\\\/\"},{\"@type\":\"ListItem\",\"position\":3,\"name\":\"Ki\u015fiye \u00d6zel \u0130simli Magnet Seti\"}]},{\"@type\":\"WebSite\",\"@id\":\"https:\\\/\\\/www.milenyumstudios.com\\\/#website\",\"url\":\"https:\\\/\\\/www.milenyumstudios.com\\\/\",\"name\":\"MilenyumStudios\",\"description\":\"El Yap\u0131m\u0131 3D Bask\u0131 ve Polyester Tasar\u0131mlar\",\"potentialAction\":[{\"@type\":\"SearchAction\",\"target\":{\"@type\":\"EntryPoint\",\"urlTemplate\":\"https:\\\/\\\/www.milenyumstudios.com\\\/?s={search_term_string}\"},\"query-input\":{\"@type\":\"PropertyValueSpecification\",\"valueRequired\":true,\"valueName\":\"search_term_string\"}}],\"inLanguage\":\"tr\"}]}<\/script>\n<!-- \/ Yoast SEO Premium plugin. -->","yoast_head_json":{"title":"Ki\u015fiye \u00d6zel \u0130simli Magnet Seti - MilenyumStudios","robots":{"index":"index","follow":"follow","max-snippet":"max-snippet:-1","max-image-preview":"max-image-preview:large","max-video-preview":"max-video-preview:-1"},"canonical":"https:\/\/www.milenyumstudios.com\/tr\/urunler\/kisiye-ozel-isimli-magnet-seti\/","og_locale":"tr_TR","og_type":"article","og_title":"Ki\u015fiye \u00d6zel \u0130simli Magnet Seti","og_description":"\u0130sim ve mesaj eklenebilir 6 par\u00e7al\u0131 buzdolab\u0131 magnet seti. Hediye kutusunda g\u00f6nderilir.","og_url":"https:\/\/www.milenyumstudios.com\/tr\/urunler\/kisiye-ozel-isimli-magnet-seti\/","og_site_name":"MilenyumStudios","twitter_card":"summary_large_image","schema":{"@context":"https:\/\/schema.org","@graph":[{"@type":"WebPage","@id":"https:\/\/www.milenyumstudios.com\/tr\/urunler\/kisiye-ozel-isimli-magnet-seti\/","url":"https:\/\/www.milenyumstudios.com\/tr\/urunler\/kisiye-ozel-isimli-magnet-seti\/","name":"Ki\u015fiye \u00d6zel \u0130simli Magnet Seti - MilenyumStudios","isPartOf":{"@id":"https:\/\/www.milenyumstudios.com\/#website"},"datePublished":"2026-04-28T07:13:59+00:00","breadcrumb":{"@id":"https:\/\/www.milenyumstudios.com\/tr\/urunler\/kisiye-ozel-isimli-magnet-seti\/#breadcrumb"},"inLanguage":"tr","potentialAction":[{"@type":"ReadAction","target":["https:\/\/www.milenyumstudios.com\/tr\/urunler\/kisiye-ozel-isimli-magnet-seti\/"]}]},{"@type":"BreadcrumbList","@id":"https:\/\/www.milenyumstudios.com\/tr\/urunler\/kisiye-ozel-isimli-magnet-seti\/#breadcrumb","itemListElement":[{"@type":"ListItem","position":1,"name":"Anasayfa","item":"https:\/\/www.milenyumstudios.com\/"},{"@type":"ListItem","position":2,"name":"T\u00fcm \u00dcr\u00fcnler","item":"https:\/\/www.milenyumstudios.com\/tum-urunler\/"},{"@type":"ListItem","position":3,"name":"Ki\u015fiye \u00d6zel \u0130simli Magnet Seti"}]},{"@type":"WebSite","@id":"https:\/\/www.milenyumstudios.com\/#website","url":"https:\/\/www.milenyumstudios.com\/","name":"MilenyumStudios","description":"El Yap\u0131m\u0131 3D Bask\u0131 ve Polyester Tasar\u0131mlar","potentialAction":[{"@type":"SearchAction","target":{"@type":"EntryPoint","urlTemplate":"https:\/\/www.milenyumstudios.com\/?s={search_term_string}"},"query-input":{"@type":"PropertyValueSpecification","valueRequired":true,"valueName":"search_term_string"}}],"inLanguage":"tr"}]}},"_links":{"self":[{"href":"https:\/\/www.milenyumstudios.com\/tr\/wp-json\/wp\/v2\/product\/17","targetHints":{"allow":["GET"]}}],"collection":[{"href":"https:\/\/www.milenyumstudios.com\/tr\/wp-json\/wp\/v2\/product"}],"about":[{"href":"https:\/\/www.milenyumstudios.com\/tr\/wp-json\/wp\/v2\/types\/product"}],"replies":[{"embeddable":true,"href":"https:\/\/www.milenyumstudios.com\/tr\/wp-json\/wp\/v2\/comments?post=17"}],"wp:attachment":[{"href":"https:\/\/www.milenyumstudios.com\/tr\/wp-json\/wp\/v2\/media?parent=17"}],"wp:term":[{"taxonomy":"product_brand","embeddable":true,"href":"https:\/\/www.milenyumstudios.com\/tr\/wp-json\/wp\/v2\/product_brand?post=17"},{"taxonomy":"product_cat","embeddable":true,"href":"https:\/\/www.milenyumstudios.com\/tr\/wp-json\/wp\/v2\/product_cat?post=17"},{"taxonomy":"product_tag","embeddable":true,"href":"https:\/\/www.milenyumstudios.com\/tr\/wp-json\/wp\/v2\/product_tag?post=17"}],"curies":[{"name":"wp","href":"https:\/\/api.w.org\/{rel}","templated":true}]}}