{"id":19,"date":"2026-04-28T07:13:59","date_gmt":"2026-04-28T07:13:59","guid":{"rendered":"https:\/\/www.milenyumstudios.com\/?post_type=product&p=104"},"modified":"2026-04-28T07:13:59","modified_gmt":"2026-04-28T07:13:59","slug":"hexagon-modular-duvar-saati","status":"publish","type":"product","link":"https:\/\/www.milenyumstudios.com\/tr\/urunler\/hexagon-modular-duvar-saati\/","title":{"rendered":"Hexagon Mod\u00fcler Duvar Saati"},"content":{"rendered":"<h3>Hexagon Mod\u00fcler Duvar Saati<\/h3>\n<p>Sessiz \u00e7al\u0131\u015fan mekanizma ile hexagon (alt\u0131gen) tasar\u0131ml\u0131 mod\u00fcler duvar saati. 3D bask\u0131 \u00e7er\u00e7eve + polyester y\u00fczey kombinasyonu.<\/p>\n","protected":false},"excerpt":{"rendered":"<p>Hexagon tasar\u0131ml\u0131, sessiz mekanizmal\u0131 modern duvar saati. 4 renk se\u00e7ene\u011fi, 32 cm \u00e7ap.<\/p>\n","protected":false},"featured_media":0,"comment_status":"closed","ping_status":"closed","template":"","meta":{"_acf_changed":false},"product_brand":[],"product_cat":[17],"product_tag":[],"class_list":{"0":"post-19","1":"product","2":"type-product","3":"status-publish","5":"product_cat-ev-dekoru-heykel","6":"pa_boyut-buyuk","7":"pa_boyut-orta","8":"pa_boyut-xl","9":"pa_boyut-xxl","10":"pa_malzeme-karisim","11":"pa_malzeme-pla-plastik","12":"pa_renk-altin","13":"pa_renk-beyaz","14":"pa_renk-gri","15":"pa_renk-lacivert","16":"pa_renk-siyah","17":"pa_stil-geometrik","18":"pa_stil-minimalist","19":"pa_stil-modern","21":"first","22":"instock","23":"taxable","24":"shipping-taxable","25":"purchasable","26":"product-type-simple"},"acf":[],"yoast_head":"<!-- This site is optimized with the Yoast SEO Premium plugin v27.3 (Yoast SEO v27.3) - https:\/\/yoast.com\/product\/yoast-seo-premium-wordpress\/ -->\n<title>Hexagon Mod\u00fcler Duvar Saati - MilenyumStudios<\/title>\n<meta name=\"robots\" content=\"index, follow, max-snippet:-1, max-image-preview:large, max-video-preview:-1\" \/>\n<link rel=\"canonical\" href=\"https:\/\/www.milenyumstudios.com\/tr\/urunler\/hexagon-modular-duvar-saati\/\" \/>\n<meta property=\"og:locale\" content=\"tr_TR\" \/>\n<meta property=\"og:type\" content=\"article\" \/>\n<meta property=\"og:title\" content=\"Hexagon Mod\u00fcler Duvar Saati\" \/>\n<meta property=\"og:description\" content=\"Hexagon tasar\u0131ml\u0131, sessiz mekanizmal\u0131 modern duvar saati. 4 renk se\u00e7ene\u011fi, 32 cm \u00e7ap.\" \/>\n<meta property=\"og:url\" content=\"https:\/\/www.milenyumstudios.com\/tr\/urunler\/hexagon-modular-duvar-saati\/\" \/>\n<meta property=\"og:site_name\" content=\"MilenyumStudios\" \/>\n<meta name=\"twitter:card\" content=\"summary_large_image\" \/>\n<script type=\"application\/ld+json\" class=\"yoast-schema-graph\">{\"@context\":\"https:\\\/\\\/schema.org\",\"@graph\":[{\"@type\":\"WebPage\",\"@id\":\"https:\\\/\\\/www.milenyumstudios.com\\\/tr\\\/urunler\\\/hexagon-modular-duvar-saati\\\/\",\"url\":\"https:\\\/\\\/www.milenyumstudios.com\\\/tr\\\/urunler\\\/hexagon-modular-duvar-saati\\\/\",\"name\":\"Hexagon Mod\u00fcler Duvar Saati - MilenyumStudios\",\"isPartOf\":{\"@id\":\"https:\\\/\\\/www.milenyumstudios.com\\\/#website\"},\"datePublished\":\"2026-04-28T07:13:59+00:00\",\"breadcrumb\":{\"@id\":\"https:\\\/\\\/www.milenyumstudios.com\\\/tr\\\/urunler\\\/hexagon-modular-duvar-saati\\\/#breadcrumb\"},\"inLanguage\":\"tr\",\"potentialAction\":[{\"@type\":\"ReadAction\",\"target\":[\"https:\\\/\\\/www.milenyumstudios.com\\\/tr\\\/urunler\\\/hexagon-modular-duvar-saati\\\/\"]}]},{\"@type\":\"BreadcrumbList\",\"@id\":\"https:\\\/\\\/www.milenyumstudios.com\\\/tr\\\/urunler\\\/hexagon-modular-duvar-saati\\\/#breadcrumb\",\"itemListElement\":[{\"@type\":\"ListItem\",\"position\":1,\"name\":\"Anasayfa\",\"item\":\"https:\\\/\\\/www.milenyumstudios.com\\\/\"},{\"@type\":\"ListItem\",\"position\":2,\"name\":\"T\u00fcm \u00dcr\u00fcnler\",\"item\":\"https:\\\/\\\/www.milenyumstudios.com\\\/tum-urunler\\\/\"},{\"@type\":\"ListItem\",\"position\":3,\"name\":\"Hexagon Mod\u00fcler Duvar Saati\"}]},{\"@type\":\"WebSite\",\"@id\":\"https:\\\/\\\/www.milenyumstudios.com\\\/#website\",\"url\":\"https:\\\/\\\/www.milenyumstudios.com\\\/\",\"name\":\"MilenyumStudios\",\"description\":\"El Yap\u0131m\u0131 3D Bask\u0131 ve Polyester Tasar\u0131mlar\",\"potentialAction\":[{\"@type\":\"SearchAction\",\"target\":{\"@type\":\"EntryPoint\",\"urlTemplate\":\"https:\\\/\\\/www.milenyumstudios.com\\\/?s={search_term_string}\"},\"query-input\":{\"@type\":\"PropertyValueSpecification\",\"valueRequired\":true,\"valueName\":\"search_term_string\"}}],\"inLanguage\":\"tr\"}]}<\/script>\n<!-- \/ Yoast SEO Premium plugin. -->","yoast_head_json":{"title":"Hexagon Mod\u00fcler Duvar Saati - MilenyumStudios","robots":{"index":"index","follow":"follow","max-snippet":"max-snippet:-1","max-image-preview":"max-image-preview:large","max-video-preview":"max-video-preview:-1"},"canonical":"https:\/\/www.milenyumstudios.com\/tr\/urunler\/hexagon-modular-duvar-saati\/","og_locale":"tr_TR","og_type":"article","og_title":"Hexagon Mod\u00fcler Duvar Saati","og_description":"Hexagon tasar\u0131ml\u0131, sessiz mekanizmal\u0131 modern duvar saati. 4 renk se\u00e7ene\u011fi, 32 cm \u00e7ap.","og_url":"https:\/\/www.milenyumstudios.com\/tr\/urunler\/hexagon-modular-duvar-saati\/","og_site_name":"MilenyumStudios","twitter_card":"summary_large_image","schema":{"@context":"https:\/\/schema.org","@graph":[{"@type":"WebPage","@id":"https:\/\/www.milenyumstudios.com\/tr\/urunler\/hexagon-modular-duvar-saati\/","url":"https:\/\/www.milenyumstudios.com\/tr\/urunler\/hexagon-modular-duvar-saati\/","name":"Hexagon Mod\u00fcler Duvar Saati - MilenyumStudios","isPartOf":{"@id":"https:\/\/www.milenyumstudios.com\/#website"},"datePublished":"2026-04-28T07:13:59+00:00","breadcrumb":{"@id":"https:\/\/www.milenyumstudios.com\/tr\/urunler\/hexagon-modular-duvar-saati\/#breadcrumb"},"inLanguage":"tr","potentialAction":[{"@type":"ReadAction","target":["https:\/\/www.milenyumstudios.com\/tr\/urunler\/hexagon-modular-duvar-saati\/"]}]},{"@type":"BreadcrumbList","@id":"https:\/\/www.milenyumstudios.com\/tr\/urunler\/hexagon-modular-duvar-saati\/#breadcrumb","itemListElement":[{"@type":"ListItem","position":1,"name":"Anasayfa","item":"https:\/\/www.milenyumstudios.com\/"},{"@type":"ListItem","position":2,"name":"T\u00fcm \u00dcr\u00fcnler","item":"https:\/\/www.milenyumstudios.com\/tum-urunler\/"},{"@type":"ListItem","position":3,"name":"Hexagon Mod\u00fcler Duvar Saati"}]},{"@type":"WebSite","@id":"https:\/\/www.milenyumstudios.com\/#website","url":"https:\/\/www.milenyumstudios.com\/","name":"MilenyumStudios","description":"El Yap\u0131m\u0131 3D Bask\u0131 ve Polyester Tasar\u0131mlar","potentialAction":[{"@type":"SearchAction","target":{"@type":"EntryPoint","urlTemplate":"https:\/\/www.milenyumstudios.com\/?s={search_term_string}"},"query-input":{"@type":"PropertyValueSpecification","valueRequired":true,"valueName":"search_term_string"}}],"inLanguage":"tr"}]}},"_links":{"self":[{"href":"https:\/\/www.milenyumstudios.com\/tr\/wp-json\/wp\/v2\/product\/19","targetHints":{"allow":["GET"]}}],"collection":[{"href":"https:\/\/www.milenyumstudios.com\/tr\/wp-json\/wp\/v2\/product"}],"about":[{"href":"https:\/\/www.milenyumstudios.com\/tr\/wp-json\/wp\/v2\/types\/product"}],"replies":[{"embeddable":true,"href":"https:\/\/www.milenyumstudios.com\/tr\/wp-json\/wp\/v2\/comments?post=19"}],"wp:attachment":[{"href":"https:\/\/www.milenyumstudios.com\/tr\/wp-json\/wp\/v2\/media?parent=19"}],"wp:term":[{"taxonomy":"product_brand","embeddable":true,"href":"https:\/\/www.milenyumstudios.com\/tr\/wp-json\/wp\/v2\/product_brand?post=19"},{"taxonomy":"product_cat","embeddable":true,"href":"https:\/\/www.milenyumstudios.com\/tr\/wp-json\/wp\/v2\/product_cat?post=19"},{"taxonomy":"product_tag","embeddable":true,"href":"https:\/\/www.milenyumstudios.com\/tr\/wp-json\/wp\/v2\/product_tag?post=19"}],"curies":[{"name":"wp","href":"https:\/\/api.w.org\/{rel}","templated":true}]}}