{"id":20,"date":"2026-04-28T07:13:59","date_gmt":"2026-04-28T07:13:59","guid":{"rendered":"https:\/\/www.milenyumstudios.com\/?post_type=product&p=105"},"modified":"2026-04-28T07:13:59","modified_gmt":"2026-04-28T07:13:59","slug":"bebek-isimli-dogum-gunu-hediye-seti","status":"publish","type":"product","link":"https:\/\/www.milenyumstudios.com\/tr\/urunler\/bebek-isimli-dogum-gunu-hediye-seti\/","title":{"rendered":"Bebek \u0130simli Do\u011fum G\u00fcn\u00fc Hediye Seti"},"content":{"rendered":"<h3>Bebek \u0130simli Do\u011fum G\u00fcn\u00fc Hediye Seti<\/h3>\n<p>Yeni do\u011fan bebekler i\u00e7in ki\u015fiselle\u015ftirilmi\u015f, isim ve do\u011fum tarihi yaz\u0131l\u0131 4 par\u00e7al\u0131 hediye seti. Her par\u00e7a el yap\u0131m\u0131 ve sertifikal\u0131.<\/p>\n","protected":false},"excerpt":{"rendered":"<p>Yeni do\u011fan bebek i\u00e7in 4 par\u00e7al\u0131, ki\u015fiye \u00f6zel isimli premium hediye seti. Ah\u015fap kutuda g\u00f6nderilir.<\/p>\n","protected":false},"featured_media":0,"comment_status":"closed","ping_status":"closed","template":"","meta":{"_acf_changed":false},"product_brand":[],"product_cat":[18],"product_tag":[],"class_list":{"0":"post-20","1":"product","2":"type-product","3":"status-publish","5":"product_cat-kisiye-ozel-hediyelik","6":"pa_boyut-kucuk","7":"pa_boyut-orta","8":"pa_malzeme-polyester","9":"pa_malzeme-recine","10":"pa_malzeme-silikon","11":"pa_renk-beyaz","12":"pa_renk-lavanta","13":"pa_renk-mavi","14":"pa_renk-pembe","15":"pa_renk-sari","16":"pa_stil-kisiye-ozel","17":"pa_stil-klasik","19":"first","20":"instock","21":"sale","22":"taxable","23":"shipping-taxable","24":"purchasable","25":"product-type-simple"},"acf":[],"yoast_head":"<!-- This site is optimized with the Yoast SEO Premium plugin v27.3 (Yoast SEO v27.3) - https:\/\/yoast.com\/product\/yoast-seo-premium-wordpress\/ -->\n<title>Bebek \u0130simli Do\u011fum G\u00fcn\u00fc Hediye Seti - MilenyumStudios<\/title>\n<meta name=\"robots\" content=\"index, follow, max-snippet:-1, max-image-preview:large, max-video-preview:-1\" \/>\n<link rel=\"canonical\" href=\"https:\/\/www.milenyumstudios.com\/tr\/urunler\/bebek-isimli-dogum-gunu-hediye-seti\/\" \/>\n<meta property=\"og:locale\" content=\"tr_TR\" \/>\n<meta property=\"og:type\" content=\"article\" \/>\n<meta property=\"og:title\" content=\"Bebek \u0130simli Do\u011fum G\u00fcn\u00fc Hediye Seti\" \/>\n<meta property=\"og:description\" content=\"Yeni do\u011fan bebek i\u00e7in 4 par\u00e7al\u0131, ki\u015fiye \u00f6zel isimli premium hediye seti. Ah\u015fap kutuda g\u00f6nderilir.\" \/>\n<meta property=\"og:url\" content=\"https:\/\/www.milenyumstudios.com\/tr\/urunler\/bebek-isimli-dogum-gunu-hediye-seti\/\" \/>\n<meta property=\"og:site_name\" content=\"MilenyumStudios\" \/>\n<meta name=\"twitter:card\" content=\"summary_large_image\" \/>\n<script type=\"application\/ld+json\" class=\"yoast-schema-graph\">{\"@context\":\"https:\\\/\\\/schema.org\",\"@graph\":[{\"@type\":\"WebPage\",\"@id\":\"https:\\\/\\\/www.milenyumstudios.com\\\/tr\\\/urunler\\\/bebek-isimli-dogum-gunu-hediye-seti\\\/\",\"url\":\"https:\\\/\\\/www.milenyumstudios.com\\\/tr\\\/urunler\\\/bebek-isimli-dogum-gunu-hediye-seti\\\/\",\"name\":\"Bebek \u0130simli Do\u011fum G\u00fcn\u00fc Hediye Seti - MilenyumStudios\",\"isPartOf\":{\"@id\":\"https:\\\/\\\/www.milenyumstudios.com\\\/#website\"},\"datePublished\":\"2026-04-28T07:13:59+00:00\",\"breadcrumb\":{\"@id\":\"https:\\\/\\\/www.milenyumstudios.com\\\/tr\\\/urunler\\\/bebek-isimli-dogum-gunu-hediye-seti\\\/#breadcrumb\"},\"inLanguage\":\"tr\",\"potentialAction\":[{\"@type\":\"ReadAction\",\"target\":[\"https:\\\/\\\/www.milenyumstudios.com\\\/tr\\\/urunler\\\/bebek-isimli-dogum-gunu-hediye-seti\\\/\"]}]},{\"@type\":\"BreadcrumbList\",\"@id\":\"https:\\\/\\\/www.milenyumstudios.com\\\/tr\\\/urunler\\\/bebek-isimli-dogum-gunu-hediye-seti\\\/#breadcrumb\",\"itemListElement\":[{\"@type\":\"ListItem\",\"position\":1,\"name\":\"Anasayfa\",\"item\":\"https:\\\/\\\/www.milenyumstudios.com\\\/\"},{\"@type\":\"ListItem\",\"position\":2,\"name\":\"T\u00fcm \u00dcr\u00fcnler\",\"item\":\"https:\\\/\\\/www.milenyumstudios.com\\\/tum-urunler\\\/\"},{\"@type\":\"ListItem\",\"position\":3,\"name\":\"Bebek \u0130simli Do\u011fum G\u00fcn\u00fc Hediye Seti\"}]},{\"@type\":\"WebSite\",\"@id\":\"https:\\\/\\\/www.milenyumstudios.com\\\/#website\",\"url\":\"https:\\\/\\\/www.milenyumstudios.com\\\/\",\"name\":\"MilenyumStudios\",\"description\":\"El Yap\u0131m\u0131 3D Bask\u0131 ve Polyester Tasar\u0131mlar\",\"potentialAction\":[{\"@type\":\"SearchAction\",\"target\":{\"@type\":\"EntryPoint\",\"urlTemplate\":\"https:\\\/\\\/www.milenyumstudios.com\\\/?s={search_term_string}\"},\"query-input\":{\"@type\":\"PropertyValueSpecification\",\"valueRequired\":true,\"valueName\":\"search_term_string\"}}],\"inLanguage\":\"tr\"}]}<\/script>\n<!-- \/ Yoast SEO Premium plugin. -->","yoast_head_json":{"title":"Bebek \u0130simli Do\u011fum G\u00fcn\u00fc Hediye Seti - MilenyumStudios","robots":{"index":"index","follow":"follow","max-snippet":"max-snippet:-1","max-image-preview":"max-image-preview:large","max-video-preview":"max-video-preview:-1"},"canonical":"https:\/\/www.milenyumstudios.com\/tr\/urunler\/bebek-isimli-dogum-gunu-hediye-seti\/","og_locale":"tr_TR","og_type":"article","og_title":"Bebek \u0130simli Do\u011fum G\u00fcn\u00fc Hediye Seti","og_description":"Yeni do\u011fan bebek i\u00e7in 4 par\u00e7al\u0131, ki\u015fiye \u00f6zel isimli premium hediye seti. Ah\u015fap kutuda g\u00f6nderilir.","og_url":"https:\/\/www.milenyumstudios.com\/tr\/urunler\/bebek-isimli-dogum-gunu-hediye-seti\/","og_site_name":"MilenyumStudios","twitter_card":"summary_large_image","schema":{"@context":"https:\/\/schema.org","@graph":[{"@type":"WebPage","@id":"https:\/\/www.milenyumstudios.com\/tr\/urunler\/bebek-isimli-dogum-gunu-hediye-seti\/","url":"https:\/\/www.milenyumstudios.com\/tr\/urunler\/bebek-isimli-dogum-gunu-hediye-seti\/","name":"Bebek \u0130simli Do\u011fum G\u00fcn\u00fc Hediye Seti - MilenyumStudios","isPartOf":{"@id":"https:\/\/www.milenyumstudios.com\/#website"},"datePublished":"2026-04-28T07:13:59+00:00","breadcrumb":{"@id":"https:\/\/www.milenyumstudios.com\/tr\/urunler\/bebek-isimli-dogum-gunu-hediye-seti\/#breadcrumb"},"inLanguage":"tr","potentialAction":[{"@type":"ReadAction","target":["https:\/\/www.milenyumstudios.com\/tr\/urunler\/bebek-isimli-dogum-gunu-hediye-seti\/"]}]},{"@type":"BreadcrumbList","@id":"https:\/\/www.milenyumstudios.com\/tr\/urunler\/bebek-isimli-dogum-gunu-hediye-seti\/#breadcrumb","itemListElement":[{"@type":"ListItem","position":1,"name":"Anasayfa","item":"https:\/\/www.milenyumstudios.com\/"},{"@type":"ListItem","position":2,"name":"T\u00fcm \u00dcr\u00fcnler","item":"https:\/\/www.milenyumstudios.com\/tum-urunler\/"},{"@type":"ListItem","position":3,"name":"Bebek \u0130simli Do\u011fum G\u00fcn\u00fc Hediye Seti"}]},{"@type":"WebSite","@id":"https:\/\/www.milenyumstudios.com\/#website","url":"https:\/\/www.milenyumstudios.com\/","name":"MilenyumStudios","description":"El Yap\u0131m\u0131 3D Bask\u0131 ve Polyester Tasar\u0131mlar","potentialAction":[{"@type":"SearchAction","target":{"@type":"EntryPoint","urlTemplate":"https:\/\/www.milenyumstudios.com\/?s={search_term_string}"},"query-input":{"@type":"PropertyValueSpecification","valueRequired":true,"valueName":"search_term_string"}}],"inLanguage":"tr"}]}},"_links":{"self":[{"href":"https:\/\/www.milenyumstudios.com\/tr\/wp-json\/wp\/v2\/product\/20","targetHints":{"allow":["GET"]}}],"collection":[{"href":"https:\/\/www.milenyumstudios.com\/tr\/wp-json\/wp\/v2\/product"}],"about":[{"href":"https:\/\/www.milenyumstudios.com\/tr\/wp-json\/wp\/v2\/types\/product"}],"replies":[{"embeddable":true,"href":"https:\/\/www.milenyumstudios.com\/tr\/wp-json\/wp\/v2\/comments?post=20"}],"wp:attachment":[{"href":"https:\/\/www.milenyumstudios.com\/tr\/wp-json\/wp\/v2\/media?parent=20"}],"wp:term":[{"taxonomy":"product_brand","embeddable":true,"href":"https:\/\/www.milenyumstudios.com\/tr\/wp-json\/wp\/v2\/product_brand?post=20"},{"taxonomy":"product_cat","embeddable":true,"href":"https:\/\/www.milenyumstudios.com\/tr\/wp-json\/wp\/v2\/product_cat?post=20"},{"taxonomy":"product_tag","embeddable":true,"href":"https:\/\/www.milenyumstudios.com\/tr\/wp-json\/wp\/v2\/product_tag?post=20"}],"curies":[{"name":"wp","href":"https:\/\/api.w.org\/{rel}","templated":true}]}}